{"id":535,"date":"2021-03-01T10:25:20","date_gmt":"2021-03-01T10:25:20","guid":{"rendered":"https:\/\/odlewycisnieniowe.pl\/de\/?page_id=535"},"modified":"2021-05-11T08:29:37","modified_gmt":"2021-05-11T08:29:37","slug":"art","status":"publish","type":"page","link":"https:\/\/odlewycisnieniowe.pl\/de\/art\/","title":{"rendered":"Kunstrealisationen"},"content":{"rendered":"<p>[vc_row css_animation=&#8220;&#8220; row_type=&#8220;row&#8220; use_row_as_full_screen_section=&#8220;no&#8220; type=&#8220;grid&#8220; angled_section=&#8220;no&#8220; text_align=&#8220;left&#8220; background_image_as_pattern=&#8220;without_pattern&#8220; css=&#8220;.vc_custom_1614353567531{margin-bottom: 80px !important;}&#8220; z_index=&#8220;&#8220;][vc_column width=&#8220;1\/3&#8243; css=&#8220;.vc_custom_1614598378681{margin-top: 20px !important;}&#8220;][vc_single_image image=&#8220;711&#8243; img_size=&#8220;350&#215;350&#8243; alignment=&#8220;center&#8220; onclick=&#8220;link_image&#8220; qode_css_animation=&#8220;&#8220; title=&#8220;2018&#8243;][vc_empty_space height=&#8220;20px&#8220;][vc_column_text]<\/p>\n<h3 style=\"text-align: center;\">Bydgoszcz &#8211; Brunnenabdeckung einer Font\u00e4ne aus dem Jahr 1909<\/h3>\n<p style=\"text-align: center;\">Im Auftrag der Stadt Bydgoszcz haben wir eine Messingtafel angefertigt, die sich auf der Platte des Altmarktes befindet. Es handelt sich um eine interessante und \u00e4sthetische Umsetzung.<\/p>\n<p>[\/vc_column_text][\/vc_column][vc_column width=&#8220;1\/3&#8243; css=&#8220;.vc_custom_1614598384559{margin-top: 20px !important;}&#8220;][vc_single_image image=&#8220;712&#8243; img_size=&#8220;350&#215;350&#8243; alignment=&#8220;center&#8220; onclick=&#8220;link_image&#8220; qode_css_animation=&#8220;&#8220; title=&#8220;2019&#8243;][vc_empty_space height=&#8220;20px&#8220;][vc_column_text]<\/p>\n<h3 style=\"text-align: center;\">Bydgoszcz &#8211; Gedenktafel zur Erinnerung an die Opfer des Zweiten Weltkriegs<\/h3>\n<p style=\"text-align: center;\">Die \u00fcber zwei Meter gro\u00dfe und fast 360 kg schwere Messingplatte befindet sich auf dem Altmarktplatz. Sie stellte eine ziemliche Herausforderung dar. Fast eineinhalb Monate Arbeit unseres talentiertesten Mitarbeiters endeten mit einem Erfolg.<\/p>\n<p>[\/vc_column_text][\/vc_column][vc_column width=&#8220;1\/3&#8243; css=&#8220;.vc_custom_1614598389342{margin-top: 20px !important;}&#8220;][vc_single_image image=&#8220;716&#8243; img_size=&#8220;350&#215;350&#8243; alignment=&#8220;center&#8220; onclick=&#8220;link_image&#8220; qode_css_animation=&#8220;&#8220; title=&#8220;2008-2020&#8243;][vc_empty_space height=&#8220;20px&#8220;][vc_column_text]<\/p>\n<h3 style=\"text-align: center;\">Messingplaketten zum Abschluss von EU-Projekten<\/h3>\n<p style=\"text-align: center;\">Im Laufe der Jahre haben wir viele Plaketten angefertigt, die eine bleibende Erinnerung an den Abschluss von aus EU-Mittel finanzierten Projekten darstellen sollen.<br \/>\nEs war uns m\u00f6glich Umsetzungen u. a. f\u00fcr folgende Einrichtungen umzusetzen:<\/p>\n<ul style=\"text-align: center;\">\n<li>Muzeum Narodowe we Wroc\u0142awiu <em>(Nationalmuseum<\/em><em> in<\/em><em> Breslau<\/em><em>)<\/em>,<\/li>\n<li>Politechnika Gda\u0144ska <em>(Technische Universit\u00e4t Danzig)<\/em>,<\/li>\n<li>Krakauer Aqu\u00e4dukte,<\/li>\n<li>PKP <em>(Polnische Staatsbahnen)<\/em><\/li>\n<\/ul>\n<p style=\"text-align: center;\">und viele mehr.<\/p>\n<p>\u00a0[\/vc_column_text][\/vc_column][\/vc_row][vc_row css_animation=&#8220;&#8220; row_type=&#8220;row&#8220; use_row_as_full_screen_section=&#8220;no&#8220; type=&#8220;grid&#8220; angled_section=&#8220;no&#8220; text_align=&#8220;left&#8220; background_image_as_pattern=&#8220;without_pattern&#8220; css=&#8220;.vc_custom_1614353567531{margin-bottom: 80px !important;}&#8220; z_index=&#8220;&#8220;][vc_column width=&#8220;1\/3&#8243; css=&#8220;.vc_custom_1614598378681{margin-top: 20px !important;}&#8220;][vc_single_image image=&#8220;718&#8243; img_size=&#8220;350&#215;350&#8243; alignment=&#8220;center&#8220; onclick=&#8220;link_image&#8220; qode_css_animation=&#8220;&#8220; title=&#8220;2020&#8243;][vc_empty_space height=&#8220;20px&#8220;][vc_column_text]<\/p>\n<h3 style=\"text-align: center;\">Warszawa \u2013 Pow\u0105zki-Friedhof<\/h3>\n<p style=\"text-align: center;\">Einer der interessantesten Umsetzungen stellte f\u00fcr uns die Anfertigung von Grabplatten f\u00fcr die Gr\u00e4ber der Soldaten der Polnischen Heimatarmee auf dem Warschauer Pow\u0105zki-Friedhof dar. Das Projekt bestand in der Korrektur der Inschriften auf den Gr\u00e4bern von Personen, \u00fcber die wir in Geschichtsb\u00fcchern lesen k\u00f6nnen.<\/p>\n<p>[\/vc_column_text][\/vc_column][vc_column width=&#8220;1\/3&#8243; css=&#8220;.vc_custom_1614598384559{margin-top: 20px !important;}&#8220;][vc_single_image image=&#8220;720&#8243; img_size=&#8220;350&#215;350&#8243; alignment=&#8220;center&#8220; onclick=&#8220;link_image&#8220; qode_css_animation=&#8220;&#8220; title=&#8220;2014&#8243;][vc_empty_space height=&#8220;20px&#8220;][vc_column_text]<\/p>\n<h3 style=\"text-align: center;\">Bydgoszcz &#8211; Fertigstellung des Umbaus des Hauptbahnhofs<\/h3>\n<p style=\"text-align: center;\">Die auf dem Bild sichtbare Plakette h\u00e4ngt schon seit einigen guten Jahren. Um ihren Spiegelglanz wiederherzustellen, ben\u00f6tigt man nur eine Polierpaste und einen guten Filz. Man kann die Aussage riskieren, dass solche Platten ewig sind.<\/p>\n<p>[\/vc_column_text][\/vc_column][vc_column width=&#8220;1\/3&#8243; css=&#8220;.vc_custom_1614598389342{margin-top: 20px !important;}&#8220;][vc_single_image image=&#8220;721&#8243; img_size=&#8220;350&#215;350&#8243; alignment=&#8220;center&#8220; onclick=&#8220;link_image&#8220; qode_css_animation=&#8220;&#8220; title=&#8220;2015&#8243;][vc_empty_space height=&#8220;20px&#8220;][vc_column_text]<\/p>\n<h3 style=\"text-align: center;\">H\u00f6heres Priesterseminar in Bydgoszcz<\/h3>\n<p style=\"text-align: center;\">Die neu errichtete Au\u00dfenstelle des Seminars wurde mit Messingplaketten und ca. 300 mm hohen Buchstaben \u00fcber dem Eingang verziert.<\/p>\n<p>[\/vc_column_text][\/vc_column][\/vc_row][vc_row css_animation=&#8220;&#8220; row_type=&#8220;row&#8220; use_row_as_full_screen_section=&#8220;yes&#8220; type=&#8220;grid&#8220; angled_section=&#8220;no&#8220; text_align=&#8220;left&#8220; background_image_as_pattern=&#8220;without_pattern&#8220; padding_top=&#8220;7&#8243; padding_bottom=&#8220;2&#8243; css=&#8220;.vc_custom_1614353466798{background-color: #878786 !important;}&#8220; z_index=&#8220;&#8220;][vc_column]<div class=\"container_inner\"><div class=\"call_to_action normal\" style=\"background-color: #878786;\"><div class=\"two_columns_75_25 clearfix\"><div class=\"text_wrapper column1\"><div class=\"call_to_action_text \" style=\"\">\n<h2>Rufen Sie uns an oder schreiben Sie uns: <span style=\"color: #ffffff;\">+48 504 68 22 13<\/span><\/h2>\n<h5>Wir beraten Sie und pr\u00e4sentieren Ihnen die beste L\u00f6sung.<\/h5>\n<\/div><\/div><div class=\"button_wrapper column2\"><a itemprop=\"url\" href=\"\/de\/kontakt\" class=\"qbutton white \" target=\"_self\" style=\"color: #1a1a1a;border-color: #ffffff;background-color: #ffffff;\" data-hover-background-color=#1a1a1a data-hover-border-color=#1a1a1a data-hover-color=#ffffff>KONTAKT<\/a><\/div><\/div><\/div><\/div>[\/vc_column][\/vc_row]<\/p>\n","protected":false},"excerpt":{"rendered":"<p>[vc_row css_animation=&#8220;&#8220; row_type=&#8220;row&#8220; use_row_as_full_screen_section=&#8220;no&#8220; type=&#8220;grid&#8220; angled_section=&#8220;no&#8220; text_align=&#8220;left&#8220; background_image_as_pattern=&#8220;without_pattern&#8220; css=&#8220;.vc_custom_1614353567531{margin-bottom: 80px !important;}&#8220; z_index=&#8220;&#8220;][vc_column width=&#8220;1\/3&#8243; css=&#8220;.vc_custom_1614598378681{margin-top: 20px !important;}&#8220;][vc_single_image image=&#8220;711&#8243; img_size=&#8220;350&#215;350&#8243; alignment=&#8220;center&#8220; onclick=&#8220;link_image&#8220;&#8230;<\/p>\n","protected":false},"author":1,"featured_media":0,"parent":0,"menu_order":0,"comment_status":"closed","ping_status":"closed","template":"full_width.php","meta":[],"_links":{"self":[{"href":"https:\/\/odlewycisnieniowe.pl\/de\/wp-json\/wp\/v2\/pages\/535"}],"collection":[{"href":"https:\/\/odlewycisnieniowe.pl\/de\/wp-json\/wp\/v2\/pages"}],"about":[{"href":"https:\/\/odlewycisnieniowe.pl\/de\/wp-json\/wp\/v2\/types\/page"}],"author":[{"embeddable":true,"href":"https:\/\/odlewycisnieniowe.pl\/de\/wp-json\/wp\/v2\/users\/1"}],"replies":[{"embeddable":true,"href":"https:\/\/odlewycisnieniowe.pl\/de\/wp-json\/wp\/v2\/comments?post=535"}],"version-history":[{"count":22,"href":"https:\/\/odlewycisnieniowe.pl\/de\/wp-json\/wp\/v2\/pages\/535\/revisions"}],"predecessor-version":[{"id":764,"href":"https:\/\/odlewycisnieniowe.pl\/de\/wp-json\/wp\/v2\/pages\/535\/revisions\/764"}],"wp:attachment":[{"href":"https:\/\/odlewycisnieniowe.pl\/de\/wp-json\/wp\/v2\/media?parent=535"}],"curies":[{"name":"wp","href":"https:\/\/api.w.org\/{rel}","templated":true}]}}