{"id":259,"date":"2021-02-24T11:41:03","date_gmt":"2021-02-24T11:41:03","guid":{"rendered":"https:\/\/odlewycisnieniowe.pl\/de\/?page_id=259"},"modified":"2021-05-07T09:21:50","modified_gmt":"2021-05-07T09:21:50","slug":"oferta","status":"publish","type":"page","link":"https:\/\/odlewycisnieniowe.pl\/de\/oferta\/","title":{"rendered":"Unser Angebot"},"content":{"rendered":"<p>[vc_row css_animation=&#8220;&#8220; row_type=&#8220;row&#8220; use_row_as_full_screen_section=&#8220;no&#8220; type=&#8220;grid&#8220; angled_section=&#8220;no&#8220; text_align=&#8220;left&#8220; background_image_as_pattern=&#8220;without_pattern&#8220; css=&#8220;.vc_custom_1614353847358{margin-bottom: 80px !important;}&#8220; z_index=&#8220;&#8220;][vc_column]<div class=\"qode-workflow \">\n    <span class=\"main-line\" style=\"\"><\/span>\n    <div class=\"qode-workflow-item\">\n    <span class=\"line\" style=\"background-color:#212121;\"><\/span>\n    <div class=\"qode-workflow-item-inner \">\n        <div class=\"qode-workflow-image right\">\n            <img width=\"2560\" height=\"2177\" src=\"https:\/\/odlewycisnieniowe.pl\/de\/wp-content\/uploads\/sites\/3\/2021\/02\/IMG_3883-scaled.jpg\" class=\"attachment-full size-full\" alt=\"\" loading=\"lazy\" srcset=\"https:\/\/odlewycisnieniowe.pl\/de\/wp-content\/uploads\/sites\/3\/2021\/02\/IMG_3883-scaled.jpg 2560w, https:\/\/odlewycisnieniowe.pl\/de\/wp-content\/uploads\/sites\/3\/2021\/02\/IMG_3883-300x255.jpg 300w, https:\/\/odlewycisnieniowe.pl\/de\/wp-content\/uploads\/sites\/3\/2021\/02\/IMG_3883-1024x871.jpg 1024w, https:\/\/odlewycisnieniowe.pl\/de\/wp-content\/uploads\/sites\/3\/2021\/02\/IMG_3883-768x653.jpg 768w, https:\/\/odlewycisnieniowe.pl\/de\/wp-content\/uploads\/sites\/3\/2021\/02\/IMG_3883-1536x1306.jpg 1536w, https:\/\/odlewycisnieniowe.pl\/de\/wp-content\/uploads\/sites\/3\/2021\/02\/IMG_3883-2048x1741.jpg 2048w, https:\/\/odlewycisnieniowe.pl\/de\/wp-content\/uploads\/sites\/3\/2021\/02\/IMG_3883-700x595.jpg 700w\" sizes=\"(max-width: 2560px) 100vw, 2560px\" \/>        <\/div>\n        <div class=\"qode-workflow-text\">\n            <span class=\"circle\" style=\"border-color:#212121;background-color:#212121;\"><\/span>\n                            <h3>1. Konzeptionierung, Einzelteiloptimierung<\/h3>\n                                                    <p class=\"text\">Bei der Arbeit an einem neuen Einzelteil greifen wir CAD- und MES-Technologien zur\u00fcck. Wir stellen den Kunden solche Gussl\u00f6sungen vor, damit jedes Einzelteil entformbar ist und dabei seine Brauchbarkeit beibeh\u00e4lt.<\/p>\n                    <\/div>\n    <\/div>\n<\/div><div class=\"qode-workflow-item\">\n    <span class=\"line\" style=\"\"><\/span>\n    <div class=\"qode-workflow-item-inner reverse\">\n        <div class=\"qode-workflow-image left\">\n            <img width=\"2560\" height=\"2560\" src=\"https:\/\/odlewycisnieniowe.pl\/de\/wp-content\/uploads\/sites\/3\/2021\/02\/E72C0A6D-CF8A-4C42-A014-94BF58DF8D29-scaled.jpeg\" class=\"attachment-full size-full\" alt=\"\" loading=\"lazy\" srcset=\"https:\/\/odlewycisnieniowe.pl\/de\/wp-content\/uploads\/sites\/3\/2021\/02\/E72C0A6D-CF8A-4C42-A014-94BF58DF8D29-scaled.jpeg 2560w, https:\/\/odlewycisnieniowe.pl\/de\/wp-content\/uploads\/sites\/3\/2021\/02\/E72C0A6D-CF8A-4C42-A014-94BF58DF8D29-300x300.jpeg 300w, https:\/\/odlewycisnieniowe.pl\/de\/wp-content\/uploads\/sites\/3\/2021\/02\/E72C0A6D-CF8A-4C42-A014-94BF58DF8D29-1024x1024.jpeg 1024w, https:\/\/odlewycisnieniowe.pl\/de\/wp-content\/uploads\/sites\/3\/2021\/02\/E72C0A6D-CF8A-4C42-A014-94BF58DF8D29-150x150.jpeg 150w, https:\/\/odlewycisnieniowe.pl\/de\/wp-content\/uploads\/sites\/3\/2021\/02\/E72C0A6D-CF8A-4C42-A014-94BF58DF8D29-768x768.jpeg 768w, https:\/\/odlewycisnieniowe.pl\/de\/wp-content\/uploads\/sites\/3\/2021\/02\/E72C0A6D-CF8A-4C42-A014-94BF58DF8D29-1536x1536.jpeg 1536w, https:\/\/odlewycisnieniowe.pl\/de\/wp-content\/uploads\/sites\/3\/2021\/02\/E72C0A6D-CF8A-4C42-A014-94BF58DF8D29-2048x2048.jpeg 2048w, https:\/\/odlewycisnieniowe.pl\/de\/wp-content\/uploads\/sites\/3\/2021\/02\/E72C0A6D-CF8A-4C42-A014-94BF58DF8D29-570x570.jpeg 570w, https:\/\/odlewycisnieniowe.pl\/de\/wp-content\/uploads\/sites\/3\/2021\/02\/E72C0A6D-CF8A-4C42-A014-94BF58DF8D29-500x500.jpeg 500w, https:\/\/odlewycisnieniowe.pl\/de\/wp-content\/uploads\/sites\/3\/2021\/02\/E72C0A6D-CF8A-4C42-A014-94BF58DF8D29-1000x1000.jpeg 1000w, https:\/\/odlewycisnieniowe.pl\/de\/wp-content\/uploads\/sites\/3\/2021\/02\/E72C0A6D-CF8A-4C42-A014-94BF58DF8D29-700x700.jpeg 700w\" sizes=\"(max-width: 2560px) 100vw, 2560px\" \/>        <\/div>\n        <div class=\"qode-workflow-text\">\n            <span class=\"circle\" style=\"\"><\/span>\n                            <h3>2. Herstellung der Form<\/h3>\n                                                    <p class=\"text\">Nach der Kundenfreigabe beginnen wir mit der Herstellung einer Form aus WCL-Stahl mit einem H\u00e4rtegrad von ca. 53HRC. Die Bearbeitung eines so harten Materials erfordert viel Erfahrung.<\/p>\n                    <\/div>\n    <\/div>\n<\/div><div class=\"qode-workflow-item\">\n    <span class=\"line\" style=\"background-color:#212121;\"><\/span>\n    <div class=\"qode-workflow-item-inner \">\n        <div class=\"qode-workflow-image right\">\n            <img width=\"2560\" height=\"2560\" src=\"https:\/\/odlewycisnieniowe.pl\/de\/wp-content\/uploads\/sites\/3\/2021\/02\/AA2147F2-F9E7-4FF6-AC89-E9B1305596D2-scaled.jpeg\" class=\"attachment-full size-full\" alt=\"\" loading=\"lazy\" srcset=\"https:\/\/odlewycisnieniowe.pl\/de\/wp-content\/uploads\/sites\/3\/2021\/02\/AA2147F2-F9E7-4FF6-AC89-E9B1305596D2-scaled.jpeg 2560w, https:\/\/odlewycisnieniowe.pl\/de\/wp-content\/uploads\/sites\/3\/2021\/02\/AA2147F2-F9E7-4FF6-AC89-E9B1305596D2-300x300.jpeg 300w, https:\/\/odlewycisnieniowe.pl\/de\/wp-content\/uploads\/sites\/3\/2021\/02\/AA2147F2-F9E7-4FF6-AC89-E9B1305596D2-1024x1024.jpeg 1024w, https:\/\/odlewycisnieniowe.pl\/de\/wp-content\/uploads\/sites\/3\/2021\/02\/AA2147F2-F9E7-4FF6-AC89-E9B1305596D2-150x150.jpeg 150w, https:\/\/odlewycisnieniowe.pl\/de\/wp-content\/uploads\/sites\/3\/2021\/02\/AA2147F2-F9E7-4FF6-AC89-E9B1305596D2-768x768.jpeg 768w, https:\/\/odlewycisnieniowe.pl\/de\/wp-content\/uploads\/sites\/3\/2021\/02\/AA2147F2-F9E7-4FF6-AC89-E9B1305596D2-1536x1536.jpeg 1536w, https:\/\/odlewycisnieniowe.pl\/de\/wp-content\/uploads\/sites\/3\/2021\/02\/AA2147F2-F9E7-4FF6-AC89-E9B1305596D2-2048x2048.jpeg 2048w, https:\/\/odlewycisnieniowe.pl\/de\/wp-content\/uploads\/sites\/3\/2021\/02\/AA2147F2-F9E7-4FF6-AC89-E9B1305596D2-570x570.jpeg 570w, https:\/\/odlewycisnieniowe.pl\/de\/wp-content\/uploads\/sites\/3\/2021\/02\/AA2147F2-F9E7-4FF6-AC89-E9B1305596D2-500x500.jpeg 500w, https:\/\/odlewycisnieniowe.pl\/de\/wp-content\/uploads\/sites\/3\/2021\/02\/AA2147F2-F9E7-4FF6-AC89-E9B1305596D2-1000x1000.jpeg 1000w, https:\/\/odlewycisnieniowe.pl\/de\/wp-content\/uploads\/sites\/3\/2021\/02\/AA2147F2-F9E7-4FF6-AC89-E9B1305596D2-700x700.jpeg 700w\" sizes=\"(max-width: 2560px) 100vw, 2560px\" \/>        <\/div>\n        <div class=\"qode-workflow-text\">\n            <span class=\"circle\" style=\"border-color:#212121;background-color:#212121;\"><\/span>\n                            <h3>3. Klein- und Gro\u00dfserienfertigung von Details aus Nichteisenmetallen und ZnAl<\/h3>\n                                                    <p class=\"text\">Der Herstellungsprozess wird gem\u00e4\u00df dem vom Kunden vorgelegten Zeitplan durchgef\u00fchrt, wobei Termine in unserer Firma vorrangig behandelt werden.<\/p>\n                    <\/div>\n    <\/div>\n<\/div><div class=\"qode-workflow-item\">\n    <span class=\"line\" style=\"\"><\/span>\n    <div class=\"qode-workflow-item-inner reverse\">\n        <div class=\"qode-workflow-image left\">\n            <img width=\"1536\" height=\"1034\" src=\"https:\/\/odlewycisnieniowe.pl\/de\/wp-content\/uploads\/sites\/3\/2021\/02\/IMG_3820.jpg\" class=\"attachment-full size-full\" alt=\"\" loading=\"lazy\" srcset=\"https:\/\/odlewycisnieniowe.pl\/de\/wp-content\/uploads\/sites\/3\/2021\/02\/IMG_3820.jpg 1536w, https:\/\/odlewycisnieniowe.pl\/de\/wp-content\/uploads\/sites\/3\/2021\/02\/IMG_3820-300x202.jpg 300w, https:\/\/odlewycisnieniowe.pl\/de\/wp-content\/uploads\/sites\/3\/2021\/02\/IMG_3820-1024x689.jpg 1024w, https:\/\/odlewycisnieniowe.pl\/de\/wp-content\/uploads\/sites\/3\/2021\/02\/IMG_3820-768x517.jpg 768w, https:\/\/odlewycisnieniowe.pl\/de\/wp-content\/uploads\/sites\/3\/2021\/02\/IMG_3820-700x471.jpg 700w\" sizes=\"(max-width: 1536px) 100vw, 1536px\" \/>        <\/div>\n        <div class=\"qode-workflow-text\">\n            <span class=\"circle\" style=\"\"><\/span>\n                            <h3>4. Zerspanung<\/h3>\n                                                    <p class=\"text\">Der Einzelteilbearbeitungsprozess in unserer Firma ist maximal automatisiert. F\u00fcr die Bearbeitung der Gussteile bauen wir eigene Werkzeuge, die Wiederholbarkeit und hohe Qualit\u00e4t der Bearbeitung gew\u00e4hrleisten.<\/p>\n                    <\/div>\n    <\/div>\n<\/div><div class=\"qode-workflow-item\">\n    <span class=\"line\" style=\"\"><\/span>\n    <div class=\"qode-workflow-item-inner \">\n        <div class=\"qode-workflow-image right\">\n            <img width=\"2560\" height=\"2503\" src=\"https:\/\/odlewycisnieniowe.pl\/de\/wp-content\/uploads\/sites\/3\/2021\/03\/IMG_4316-scaled.jpg\" class=\"attachment-full size-full\" alt=\"\" loading=\"lazy\" srcset=\"https:\/\/odlewycisnieniowe.pl\/de\/wp-content\/uploads\/sites\/3\/2021\/03\/IMG_4316-scaled.jpg 2560w, https:\/\/odlewycisnieniowe.pl\/de\/wp-content\/uploads\/sites\/3\/2021\/03\/IMG_4316-300x293.jpg 300w, https:\/\/odlewycisnieniowe.pl\/de\/wp-content\/uploads\/sites\/3\/2021\/03\/IMG_4316-1024x1001.jpg 1024w, https:\/\/odlewycisnieniowe.pl\/de\/wp-content\/uploads\/sites\/3\/2021\/03\/IMG_4316-768x751.jpg 768w, https:\/\/odlewycisnieniowe.pl\/de\/wp-content\/uploads\/sites\/3\/2021\/03\/IMG_4316-1536x1502.jpg 1536w, https:\/\/odlewycisnieniowe.pl\/de\/wp-content\/uploads\/sites\/3\/2021\/03\/IMG_4316-2048x2002.jpg 2048w, https:\/\/odlewycisnieniowe.pl\/de\/wp-content\/uploads\/sites\/3\/2021\/03\/IMG_4316-700x684.jpg 700w\" sizes=\"(max-width: 2560px) 100vw, 2560px\" \/>        <\/div>\n        <div class=\"qode-workflow-text\">\n            <span class=\"circle\" style=\"\"><\/span>\n                            <h3>5. Trommelentgraten oder Rotofinish von Einzelteilen<\/h3>\n                                                    <p class=\"text\">Die Kanten eines Einzelteils werden nach unserem Verfahren mittels Rotovibrationsbearbeitung abgerundet, was weitere Bearbeitungsprozesse erleichtert.<\/p>\n                    <\/div>\n    <\/div>\n<\/div><div class=\"qode-workflow-item\">\n    <span class=\"line\" style=\"background-color:#212121;\"><\/span>\n    <div class=\"qode-workflow-item-inner reverse\">\n        <div class=\"qode-workflow-image left\">\n            <img width=\"350\" height=\"235\" src=\"https:\/\/odlewycisnieniowe.pl\/de\/wp-content\/uploads\/sites\/3\/2021\/03\/chrom.jpg\" class=\"attachment-full size-full\" alt=\"\" loading=\"lazy\" srcset=\"https:\/\/odlewycisnieniowe.pl\/de\/wp-content\/uploads\/sites\/3\/2021\/03\/chrom.jpg 350w, https:\/\/odlewycisnieniowe.pl\/de\/wp-content\/uploads\/sites\/3\/2021\/03\/chrom-300x201.jpg 300w\" sizes=\"(max-width: 350px) 100vw, 350px\" \/>        <\/div>\n        <div class=\"qode-workflow-text\">\n            <span class=\"circle\" style=\"border-color:#212121;background-color:#212121;\"><\/span>\n                            <h3>6. Aufbringen von galvanischen \u00dcberz\u00fcgen wie Kupfer, Nickel, Chrom<\/h3>\n                                                    <p class=\"text\">Um den Kundenanforderungen gerecht zu werden, haben wir die M\u00f6glichkeit, galvanische Beschichtungen auf Gussteile aufzutragen, nicht nur Messing, sondern auch Aluminium.<\/p>\n                    <\/div>\n    <\/div>\n<\/div><div class=\"qode-workflow-item\">\n    <span class=\"line\" style=\"\"><\/span>\n    <div class=\"qode-workflow-item-inner \">\n        <div class=\"qode-workflow-image right\">\n            <img width=\"2560\" height=\"2177\" src=\"https:\/\/odlewycisnieniowe.pl\/de\/wp-content\/uploads\/sites\/3\/2021\/02\/IMG_3883-scaled.jpg\" class=\"attachment-full size-full\" alt=\"\" loading=\"lazy\" srcset=\"https:\/\/odlewycisnieniowe.pl\/de\/wp-content\/uploads\/sites\/3\/2021\/02\/IMG_3883-scaled.jpg 2560w, https:\/\/odlewycisnieniowe.pl\/de\/wp-content\/uploads\/sites\/3\/2021\/02\/IMG_3883-300x255.jpg 300w, https:\/\/odlewycisnieniowe.pl\/de\/wp-content\/uploads\/sites\/3\/2021\/02\/IMG_3883-1024x871.jpg 1024w, https:\/\/odlewycisnieniowe.pl\/de\/wp-content\/uploads\/sites\/3\/2021\/02\/IMG_3883-768x653.jpg 768w, https:\/\/odlewycisnieniowe.pl\/de\/wp-content\/uploads\/sites\/3\/2021\/02\/IMG_3883-1536x1306.jpg 1536w, https:\/\/odlewycisnieniowe.pl\/de\/wp-content\/uploads\/sites\/3\/2021\/02\/IMG_3883-2048x1741.jpg 2048w, https:\/\/odlewycisnieniowe.pl\/de\/wp-content\/uploads\/sites\/3\/2021\/02\/IMG_3883-700x595.jpg 700w\" sizes=\"(max-width: 2560px) 100vw, 2560px\" \/>        <\/div>\n        <div class=\"qode-workflow-text\">\n            <span class=\"circle\" style=\"\"><\/span>\n                            <h3>7. Eloxieren von Einzelteilen - mit technischer Anode<\/h3>\n                                                    <p class=\"text\">Dieses Verfahren gew\u00e4hrleistet eine hohe Korrosionsbest\u00e4ndigkeit auch unter Seebedingungen. Untere Einzelteile werden ordnungsgem\u00e4\u00df in Salzkammern getestet, die 3 Jahre auf See simulieren.<\/p>\n                    <\/div>\n    <\/div>\n<\/div><div class=\"qode-workflow-item\">\n    <span class=\"line\" style=\"\"><\/span>\n    <div class=\"qode-workflow-item-inner reverse\">\n        <div class=\"qode-workflow-image left\">\n            <img width=\"2016\" height=\"1512\" src=\"https:\/\/odlewycisnieniowe.pl\/de\/wp-content\/uploads\/sites\/3\/2021\/05\/IMG_4384.jpg\" class=\"attachment-full size-full\" alt=\"\" loading=\"lazy\" srcset=\"https:\/\/odlewycisnieniowe.pl\/de\/wp-content\/uploads\/sites\/3\/2021\/05\/IMG_4384.jpg 2016w, https:\/\/odlewycisnieniowe.pl\/de\/wp-content\/uploads\/sites\/3\/2021\/05\/IMG_4384-300x225.jpg 300w, https:\/\/odlewycisnieniowe.pl\/de\/wp-content\/uploads\/sites\/3\/2021\/05\/IMG_4384-1024x768.jpg 1024w, https:\/\/odlewycisnieniowe.pl\/de\/wp-content\/uploads\/sites\/3\/2021\/05\/IMG_4384-768x576.jpg 768w, https:\/\/odlewycisnieniowe.pl\/de\/wp-content\/uploads\/sites\/3\/2021\/05\/IMG_4384-1536x1152.jpg 1536w, https:\/\/odlewycisnieniowe.pl\/de\/wp-content\/uploads\/sites\/3\/2021\/05\/IMG_4384-800x600.jpg 800w, https:\/\/odlewycisnieniowe.pl\/de\/wp-content\/uploads\/sites\/3\/2021\/05\/IMG_4384-700x525.jpg 700w\" sizes=\"(max-width: 2016px) 100vw, 2016px\" \/>        <\/div>\n        <div class=\"qode-workflow-text\">\n            <span class=\"circle\" style=\"\"><\/span>\n                            <h3>8. Pulverbeschichtung - gesintert lt. RAL-Palette<\/h3>\n                                                    <p class=\"text\">Die typische Veredelung von Gussteilen haben wir durch jahrelange Tests mit verschiedenen Lacklieferanten perfektioniert. Obwohl es nicht den Anschein hat, ist die Gusslackierung keine so offensichtliche Angelegenheit.<\/p>\n                    <\/div>\n    <\/div>\n<\/div><\/div>[vc_row_inner row_type=&#8220;row&#8220; type=&#8220;grid&#8220; text_align=&#8220;left&#8220; css_animation=&#8220;&#8220; css=&#8220;.vc_custom_1614353519361{margin-top: 80px !important;margin-bottom: 80px !important;}&#8220;][vc_column_inner][vc_column_text]Wir bieten <strong>Zerspanung<\/strong> in professionellen Bearbeitungszentren an. Wir nehmen Auftr\u00e4ge f\u00fcr <strong>Fr\u00e4sen<\/strong> und <strong>Drehen<\/strong> auf CNC-Werkzeugmaschinen an.[\/vc_column_text][\/vc_column_inner][\/vc_row_inner][vc_row_inner row_type=&#8220;row&#8220; type=&#8220;grid&#8220; text_align=&#8220;left&#8220; css_animation=&#8220;&#8220;][vc_column_inner width=&#8220;1\/4&#8243;][vc_single_image image=&#8220;394&#8243; img_size=&#8220;400&#215;400&#8243; alignment=&#8220;center&#8220; onclick=&#8220;link_image&#8220; qode_css_animation=&#8220;&#8220;][\/vc_column_inner][vc_column_inner width=&#8220;1\/4&#8243;][vc_single_image image=&#8220;396&#8243; img_size=&#8220;400&#215;400&#8243; alignment=&#8220;center&#8220; onclick=&#8220;link_image&#8220; qode_css_animation=&#8220;&#8220;][\/vc_column_inner][vc_column_inner width=&#8220;1\/4&#8243;][vc_single_image image=&#8220;395&#8243; img_size=&#8220;400&#215;400&#8243; alignment=&#8220;center&#8220; onclick=&#8220;link_image&#8220; qode_css_animation=&#8220;&#8220;][\/vc_column_inner][vc_column_inner width=&#8220;1\/4&#8243;][vc_single_image image=&#8220;393&#8243; img_size=&#8220;medium&#8220; alignment=&#8220;center&#8220; onclick=&#8220;link_image&#8220; qode_css_animation=&#8220;&#8220;][\/vc_column_inner][\/vc_row_inner][vc_row_inner row_type=&#8220;row&#8220; type=&#8220;grid&#8220; text_align=&#8220;left&#8220; css_animation=&#8220;&#8220; css=&#8220;.vc_custom_1614353533432{margin-top: 80px !important;margin-bottom: 80px !important;}&#8220;][vc_column_inner][\/vc_column_inner][\/vc_row_inner][vc_column_text]Wir garantieren wettbewerbsf\u00e4hige Preise und eine termingerechte Auftragsabwicklung unter Beibehaltung h\u00f6chster Servicequalit\u00e4t.<br \/>\nWir verf\u00fcgen \u00fcber CNC-Maschinen der Firma Haas, mit denen wir Gussteile bearbeiten und Formen und Einzelteile herstellen.<\/p>\n<ul>\n<li><strong>Haas-Fr\u00e4smaschine: 406x305x254<\/strong><\/li>\n<li><strong>Haas-Fr\u00e4smaschine: 660x356x500<\/strong><\/li>\n<li><strong>Haas-Fr\u00e4smaschine: 1270x508x635<\/strong><\/li>\n<li><strong>Portalfr\u00e4smaschine: 800&#215;600<\/strong><\/li>\n<li><strong>Siemens-Drehmaschine: 320&#215;500<\/strong><\/li>\n<\/ul>\n<p>&nbsp;<\/p>\n<p>Unsere Firma besitzt \u00fcber mehr als <strong>30 Tonnen<\/strong> konventioneller Maschinen und Werkzeugbauzubeh\u00f6r, wodurch es uns <strong>m\u00f6glich ist, die Formpreise auf einem g\u00fcnstigen Niveau zu halten<\/strong>.<\/p>\n<p><strong>\u00a0<\/strong>[\/vc_column_text][\/vc_column][\/vc_row][vc_row css_animation=&#8220;&#8220; row_type=&#8220;row&#8220; use_row_as_full_screen_section=&#8220;yes&#8220; type=&#8220;grid&#8220; angled_section=&#8220;no&#8220; text_align=&#8220;left&#8220; background_image_as_pattern=&#8220;without_pattern&#8220; padding_top=&#8220;7&#8243; padding_bottom=&#8220;2&#8243; css=&#8220;.vc_custom_1614353466798{background-color: #878786 !important;}&#8220; z_index=&#8220;&#8220;][vc_column]<div class=\"container_inner\"><div class=\"call_to_action normal\" style=\"background-color: #878786;\"><div class=\"two_columns_75_25 clearfix\"><div class=\"text_wrapper column1\"><div class=\"call_to_action_text \" style=\"\">\n<h2>Rufen Sie uns an oder schreiben Sie uns: <span style=\"color: #ffffff;\">+48 504 68 22 13<\/span><\/h2>\n<h5>Wir beraten Sie und pr\u00e4sentieren Ihnen die beste L\u00f6sung.<\/h5>\n<\/div><\/div><div class=\"button_wrapper column2\"><a itemprop=\"url\" href=\"\/de\/kontakt\" class=\"qbutton white \" target=\"_self\" style=\"color: #1a1a1a;border-color: #ffffff;background-color: #ffffff;\" data-hover-background-color=#1a1a1a data-hover-border-color=#1a1a1a data-hover-color=#ffffff>KONTAKT<\/a><\/div><\/div><\/div><\/div>[\/vc_column][\/vc_row]<\/p>\n","protected":false},"excerpt":{"rendered":"<p>[vc_row css_animation=&#8220;&#8220; row_type=&#8220;row&#8220; use_row_as_full_screen_section=&#8220;no&#8220; type=&#8220;grid&#8220; angled_section=&#8220;no&#8220; text_align=&#8220;left&#8220; background_image_as_pattern=&#8220;without_pattern&#8220; css=&#8220;.vc_custom_1614353847358{margin-bottom: 80px !important;}&#8220; z_index=&#8220;&#8220;][vc_column][vc_row_inner row_type=&#8220;row&#8220; type=&#8220;grid&#8220; text_align=&#8220;left&#8220; css_animation=&#8220;&#8220; css=&#8220;.vc_custom_1614353519361{margin-top: 80px !important;margin-bottom: 80px&#8230;<\/p>\n","protected":false},"author":1,"featured_media":0,"parent":0,"menu_order":0,"comment_status":"closed","ping_status":"closed","template":"full_width.php","meta":[],"_links":{"self":[{"href":"https:\/\/odlewycisnieniowe.pl\/de\/wp-json\/wp\/v2\/pages\/259"}],"collection":[{"href":"https:\/\/odlewycisnieniowe.pl\/de\/wp-json\/wp\/v2\/pages"}],"about":[{"href":"https:\/\/odlewycisnieniowe.pl\/de\/wp-json\/wp\/v2\/types\/page"}],"author":[{"embeddable":true,"href":"https:\/\/odlewycisnieniowe.pl\/de\/wp-json\/wp\/v2\/users\/1"}],"replies":[{"embeddable":true,"href":"https:\/\/odlewycisnieniowe.pl\/de\/wp-json\/wp\/v2\/comments?post=259"}],"version-history":[{"count":57,"href":"https:\/\/odlewycisnieniowe.pl\/de\/wp-json\/wp\/v2\/pages\/259\/revisions"}],"predecessor-version":[{"id":756,"href":"https:\/\/odlewycisnieniowe.pl\/de\/wp-json\/wp\/v2\/pages\/259\/revisions\/756"}],"wp:attachment":[{"href":"https:\/\/odlewycisnieniowe.pl\/de\/wp-json\/wp\/v2\/media?parent=259"}],"curies":[{"name":"wp","href":"https:\/\/api.w.org\/{rel}","templated":true}]}}