{"id":230,"date":"2018-01-10T14:15:28","date_gmt":"2018-01-10T14:15:28","guid":{"rendered":"http:\/\/bridge129.qodeinteractive.com\/?page_id=4"},"modified":"2021-05-07T09:41:05","modified_gmt":"2021-05-07T09:41:05","slug":"home","status":"publish","type":"page","link":"https:\/\/odlewycisnieniowe.pl\/de\/","title":{"rendered":"Startseite"},"content":{"rendered":"<p>[vc_row css_animation=&#8220;&#8220; row_type=&#8220;row&#8220; use_row_as_full_screen_section=&#8220;no&#8220; type=&#8220;full_width&#8220; angled_section=&#8220;no&#8220; text_align=&#8220;left&#8220; background_image_as_pattern=&#8220;without_pattern&#8220; z_index=&#8220;&#8220;][vc_column][rev_slider_vc alias=&#8220;home-slider&#8220;][\/vc_column][\/vc_row][vc_row css_animation=&#8220;&#8220; row_type=&#8220;row&#8220; use_row_as_full_screen_section=&#8220;no&#8220; type=&#8220;grid&#8220; angled_section=&#8220;no&#8220; text_align=&#8220;center&#8220; background_image_as_pattern=&#8220;without_pattern&#8220; z_index=&#8220;&#8220; css=&#8220;.vc_custom_1515744295490{background-color: #ecebeb !important;}&#8220;][vc_column css=&#8220;.vc_custom_1515594685991{margin-top: -14% !important;}&#8220;][vc_row_inner row_type=&#8220;row&#8220; type=&#8220;full_width&#8220; text_align=&#8220;center&#8220; css_animation=&#8220;&#8220;][vc_column_inner offset=&#8220;vc_col-md-4&#8243;][qode_elements_holder number_of_columns=&#8220;one_column&#8220;][qode_elements_holder_item advanced_animations=&#8220;no&#8220; background_color=&#8220;#ffffff&#8220; item_padding=&#8220;13% 11% 13% 11%&#8220;][vc_single_image image=&#8220;586&#8243; img_size=&#8220;full&#8220; alignment=&#8220;center&#8220; qode_css_animation=&#8220;&#8220; el_class=&#8220;molding-machine&#8220;][vc_empty_space height=&#8220;34px&#8220;][vc_column_text]<\/p>\n<h2><strong>Druckguss<\/strong><\/h2>\n<p>[\/vc_column_text][vc_empty_space height=&#8220;13px&#8220;][vc_column_text]Optimiert die Produktionskosten von wiederholbaren Teilen um bis zu 50 % im Vergleich zur Zerspanung.[\/vc_column_text][\/qode_elements_holder_item][\/qode_elements_holder][vc_empty_space height=&#8220;30px&#8220;][\/vc_column_inner][vc_column_inner offset=&#8220;vc_col-md-4&#8243;][qode_elements_holder number_of_columns=&#8220;one_column&#8220;][qode_elements_holder_item advanced_animations=&#8220;no&#8220; background_color=&#8220;#ffffff&#8220; item_padding=&#8220;13% 11% 13% 11%&#8220;][vc_single_image image=&#8220;762&#8243; img_size=&#8220;full&#8220; alignment=&#8220;center&#8220; qode_css_animation=&#8220;&#8220;][vc_empty_space height=&#8220;31px&#8220;][vc_column_text]<\/p>\n<h2>Produktion<\/h2>\n<p>[\/vc_column_text][vc_empty_space height=&#8220;13px&#8220;][vc_column_text]Wenn Sie sich f\u00fcr die Zusammenarbeit mit unserer Firma Odlewy Ci\u015bnieniowe, <strong>Odlewnia<\/strong><strong> Ritter<\/strong> entscheiden, erhalten Sie ein fertiges Produkt, das in einer professionellen Gie\u00dferei hergestellt wird, wo man das in der <strong>Akademia G\u00f3rniczo-Hutnicza<\/strong><strong> w<\/strong><strong> Krakowie<\/strong> <strong><em>(Akademie f\u00fcr Bergbau und H\u00fcttenwesen Krakau)<\/em><\/strong> erworbene Wissen mit einer langj\u00e4hrigen Erfahrung verbindet.[\/vc_column_text][\/qode_elements_holder_item][\/qode_elements_holder][vc_empty_space height=&#8220;30px&#8220;][\/vc_column_inner][vc_column_inner offset=&#8220;vc_col-md-4&#8243;][qode_elements_holder number_of_columns=&#8220;one_column&#8220;][qode_elements_holder_item advanced_animations=&#8220;no&#8220; background_color=&#8220;#878786&#8243; item_padding=&#8220;13% 11% 13% 11%&#8220; item_padding_768_1024=&#8220;19% 11% 55px 11%&#8220;][vc_empty_space height=&#8220;30px&#8220;][vc_column_text]<\/p>\n<h2 style=\"color: #fff;\"><strong>Firma Odlewy Ci\u015bnieniowe, Odlewnia Ritter<\/strong><\/h2>\n<p>[\/vc_column_text][vc_empty_space height=&#8220;25px&#8220;][vc_column_text]<span style=\"color: #fff;\">Unsere Firma besch\u00e4ftigt sich mit der Vorbereitung kompletter Einzelteile, die aus Aluminium, Zinklegierungen oder Messing gefertigt werden k\u00f6nnen.<\/span>[\/vc_column_text][vc_empty_space height=&#8220;22px&#8220;]<a  itemprop=\"url\" href=\"\/de\/oferta\" target=\"_self\" data-hover-background-color='#1a1a1a' data-hover-border-color='#1a1a1a' data-hover-color='#ffffff' class=\"qbutton  default\" style=\"color: #1a1a1a; border-color: #ffffff; background-color: #ffffff;\">Unser Angebot<\/a>[\/qode_elements_holder_item][\/qode_elements_holder][vc_empty_space height=&#8220;30px&#8220;][\/vc_column_inner][\/vc_row_inner][\/vc_column][\/vc_row][vc_row css_animation=&#8220;&#8220; row_type=&#8220;row&#8220; use_row_as_full_screen_section=&#8220;no&#8220; type=&#8220;grid&#8220; angled_section=&#8220;no&#8220; text_align=&#8220;center&#8220; background_image_as_pattern=&#8220;without_pattern&#8220; padding_top=&#8220;87&#8243; padding_bottom=&#8220;65&#8243; z_index=&#8220;&#8220; css=&#8220;.vc_custom_1515744306795{background-color: #ecebeb !important;}&#8220;][vc_column width=&#8220;2\/3&#8243; offset=&#8220;vc_col-sm-offset-2&#8243;][vc_column_text]<\/p>\n<h2>Herstellung der Gussformen<\/h2>\n<p>[\/vc_column_text][vc_separator type=&#8220;small&#8220; position=&#8220;center&#8220; color=&#8220;#fab012&#8243; thickness=&#8220;4&#8243; width=&#8220;48&#8243; up=&#8220;17&#8243; down=&#8220;25&#8243;][vc_column_text]<\/p>\n<h5>Unsere Firma ist in der Lage, jedes Einzelteil zu <strong>optimieren<\/strong> und zu <strong>technologisieren<\/strong>, was nicht leicht ist.<br \/>\nDies erfordert Kenntnisse und Erfahrungen eines Konstrukteurs und eines Gie\u00dfereitechnologen. Au\u00dferdem verf\u00fcgt unsere Firma \u00fcber <strong>eine eigene Werkzeugabteilung<\/strong>, die in der Lage ist,<br \/>\nEinzel- oder Mehrfachdruckgussformen <strong>zu einem wettbewerbsf\u00e4higen Preis<\/strong> herzustellen.<br \/>\nEs besteht die M\u00f6glichkeit, eine Gleitform anzufertigen, dank derer eine weitere Bearbeitung des Details vermieden wird. Wir laden Sie dazu ein, Angebotsanfragen einzureichen.<\/h5>\n<p>[\/vc_column_text][\/vc_column][\/vc_row][vc_row css_animation=&#8220;&#8220; row_type=&#8220;row&#8220; use_row_as_full_screen_section=&#8220;no&#8220; type=&#8220;grid&#8220; angled_section=&#8220;no&#8220; text_align=&#8220;left&#8220; background_image_as_pattern=&#8220;without_pattern&#8220; el_class=&#8220;slider-row&#8220; z_index=&#8220;5&#8243; css=&#8220;.vc_custom_1515744318665{background-color: #ecebeb !important;}&#8220;][vc_column css=&#8220;.vc_custom_1515672190338{margin-bottom: -27% !important;}&#8220;][qode_content_slider direction_nav=&#8220;no&#8220; control_nav=&#8220;yes&#8220; control_nav_justify=&#8220;no&#8220;][qode_content_slider_item][qode_elements_holder number_of_columns=&#8220;two_columns&#8220; columns_proportion=&#8220;66_33&#8243;][qode_elements_holder_item advanced_animations=&#8220;no&#8220;][vc_single_image image=&#8220;518&#8243; img_size=&#8220;full&#8220; qode_css_animation=&#8220;&#8220;][\/qode_elements_holder_item][qode_elements_holder_item advanced_animations=&#8220;no&#8220; background_color=&#8220;#ffffff&#8220; background_image=&#8220;460&#8243; item_padding=&#8220;72px 51px 131px 55px&#8220; item_padding_1280_1440=&#8220;74px 40px 127px 65px&#8220; item_padding_1024_1280=&#8220;50px 40px 111px 40px&#8220; item_padding_768_1024=&#8220;20px 30px 18px 30px&#8220; item_padding_600_768=&#8220;100px 120px 100px 50px&#8220; item_padding_480_600=&#8220;100px 40px 100px 65px&#8220; item_padding_480=&#8220;30px 30px 80px 30px&#8220;][vc_column_text]<\/p>\n<h2>Gro\u00df- und Kleinserienfertigung<\/h2>\n<p>[\/vc_column_text][vc_separator type=&#8220;small&#8220; position=&#8220;left&#8220; color=&#8220;#fab012&#8243; thickness=&#8220;4&#8243; width=&#8220;48&#8243; up=&#8220;25&#8243; down=&#8220;29&#8243;][vc_column_text]Gro\u00dfe Produktionsmengen stellen f\u00fcr uns kein Problem dar. Im Laufe der Jahre unserer T\u00e4tigkeit hatten wir die M\u00f6glichkeit, f\u00fcr unsere Kunden Zehntausende von Einzelteilen sowie Kleinserien zu fertigen. Wenn wir Formen f\u00fcr unsere Kunden entwerfen, stellen wir deren lange Lebensdauer sicher.[\/vc_column_text][\/qode_elements_holder_item][\/qode_elements_holder][\/qode_content_slider_item][qode_content_slider_item][qode_elements_holder number_of_columns=&#8220;two_columns&#8220; columns_proportion=&#8220;66_33&#8243;][qode_elements_holder_item advanced_animations=&#8220;no&#8220;][vc_single_image image=&#8220;517&#8243; img_size=&#8220;full&#8220; qode_css_animation=&#8220;&#8220;][\/qode_elements_holder_item][qode_elements_holder_item advanced_animations=&#8220;no&#8220; background_color=&#8220;#ffffff&#8220; background_image=&#8220;458&#8243; item_padding=&#8220;72px 51px 131px 55px&#8220; item_padding_1280_1440=&#8220;74px 40px 127px 65px&#8220; item_padding_1024_1280=&#8220;50px 40px 111px 40px&#8220; item_padding_768_1024=&#8220;20px 30px 18px 30px&#8220; item_padding_600_768=&#8220;100px 120px 100px 50px&#8220; item_padding_480_600=&#8220;100px 40px 100px 65px&#8220; item_padding_480=&#8220;30px 30px 80px 30px&#8220;][vc_column_text]<\/p>\n<h2>Messing-Gussteile<\/h2>\n<p>[\/vc_column_text][vc_separator type=&#8220;small&#8220; position=&#8220;left&#8220; color=&#8220;#fab012&#8243; thickness=&#8220;4&#8243; width=&#8220;48&#8243; up=&#8220;25&#8243; down=&#8220;29&#8243;][vc_column_text]Im Jahr 2018 haben wir in unserer Firma die M\u00f6glichkeit des Messinggusses eingef\u00fchrt. Aktuell erfreut sich diese Technologie gro\u00dfen Interesses sowohl bei der Industrie- als auch in der Schiffsbaubranche.[\/vc_column_text][\/qode_elements_holder_item][\/qode_elements_holder][\/qode_content_slider_item][qode_content_slider_item][qode_elements_holder number_of_columns=&#8220;two_columns&#8220; columns_proportion=&#8220;66_33&#8243;][qode_elements_holder_item advanced_animations=&#8220;no&#8220;][vc_single_image image=&#8220;516&#8243; img_size=&#8220;full&#8220; qode_css_animation=&#8220;&#8220;][\/qode_elements_holder_item][qode_elements_holder_item advanced_animations=&#8220;no&#8220; background_color=&#8220;#ffffff&#8220; background_image=&#8220;83&#8243; item_padding=&#8220;72px 51px 131px 55px&#8220; item_padding_1280_1440=&#8220;74px 40px 127px 65px&#8220; item_padding_1024_1280=&#8220;50px 40px 111px 40px&#8220; item_padding_768_1024=&#8220;20px 30px 18px 30px&#8220; item_padding_600_768=&#8220;100px 120px 100px 50px&#8220; item_padding_480_600=&#8220;100px 40px 100px 65px&#8220; item_padding_480=&#8220;30px 30px 80px 30px&#8220;][vc_column_text]<\/p>\n<h2>D\u00fcnnwandige Gro\u00dfgusse<\/h2>\n<p>[\/vc_column_text][vc_separator type=&#8220;small&#8220; position=&#8220;left&#8220; color=&#8220;#fab012&#8243; thickness=&#8220;4&#8243; width=&#8220;48&#8243; up=&#8220;25&#8243; down=&#8220;29&#8243;][vc_column_text]Seit Beginn der Firma stellen wir Geh\u00e4use f\u00fcr Elektronik-, Mechanik- und Alltagsger\u00e4te her. Unsere Teile werden mit h\u00f6chster Sorgfalt hergestellt, damit sie nicht nur ihre Funktion erf\u00fcllen, sondern auch das Auge erfreuen.[\/vc_column_text][\/qode_elements_holder_item][\/qode_elements_holder][\/qode_content_slider_item][\/qode_content_slider][\/vc_column][\/vc_row][vc_row css_animation=&#8220;&#8220; row_type=&#8220;row&#8220; use_row_as_full_screen_section=&#8220;no&#8220; type=&#8220;grid&#8220; angled_section=&#8220;no&#8220; text_align=&#8220;center&#8220; background_image_as_pattern=&#8220;without_pattern&#8220; padding_bottom=&#8220;56&#8243; z_index=&#8220;4&#8243; css=&#8220;.vc_custom_1614600591452{margin-top: 160px !important;padding-top: 30% !important;background-image: url(https:\/\/odlewycisnieniowe.pl\/de\/wp-content\/uploads\/sites\/3\/2021\/03\/kadr-mosiadz.jpg?id=550) !important;background-position: center !important;background-repeat: no-repeat !important;background-size: cover !important;}&#8220;][vc_column][\/vc_column][\/vc_row][vc_row css_animation=&#8220;&#8220; row_type=&#8220;row&#8220; use_row_as_full_screen_section=&#8220;no&#8220; type=&#8220;grid&#8220; angled_section=&#8220;no&#8220; text_align=&#8220;center&#8220; background_image_as_pattern=&#8220;without_pattern&#8220; padding_top=&#8220;87&#8243; padding_bottom=&#8220;65&#8243; z_index=&#8220;&#8220; css=&#8220;.vc_custom_1614184204191{background-color: #ffffff !important;}&#8220;][vc_column width=&#8220;2\/3&#8243; offset=&#8220;vc_col-sm-offset-2&#8243;][vc_column_text]<\/p>\n<h2>Unsere Gie\u00dfmaschinen:<\/h2>\n<p>[\/vc_column_text][vc_separator type=&#8220;small&#8220; position=&#8220;center&#8220; color=&#8220;#fab012&#8243; thickness=&#8220;4&#8243; width=&#8220;48&#8243; up=&#8220;17&#8243; down=&#8220;25&#8243;][vc_column_text]<\/p>\n<h5>Wir verf\u00fcgen \u00fcber Maschinen <strong>zur Herstellung von Druckgussteilen<\/strong> mit einer Schlie\u00dfkraft von <strong>200 und 300 Tonnen<\/strong>.<strong> Diese<\/strong> sind mit zweipoligen Hydraulik-\u00d6lpumpen und Druckspeichern zur Einspritzvervielfachung ausgestattet. Sie sind in der Lage, Material mit einer Geschwindigkeit von 700 km\/h und unter hohem Druck (30-250 MPa) einzuspritzen.<\/h5>\n<p>[\/vc_column_text][\/vc_column][\/vc_row][vc_row css_animation=&#8220;&#8220; row_type=&#8220;row&#8220; use_row_as_full_screen_section=&#8220;no&#8220; type=&#8220;grid&#8220; angled_section=&#8220;no&#8220; text_align=&#8220;left&#8220; background_image_as_pattern=&#8220;without_pattern&#8220; padding_top=&#8220;131&#8243; padding_bottom=&#8220;93&#8243; z_index=&#8220;&#8220; css=&#8220;.vc_custom_1614184275602{padding-top: 0px !important;background-color: #ffffff !important;}&#8220;][vc_column][vc_row_inner row_type=&#8220;row&#8220; type=&#8220;full_width&#8220; text_align=&#8220;left&#8220; css_animation=&#8220;&#8220;][vc_column_inner width=&#8220;1\/3&#8243;][vc_column_text]<\/p>\n<h3 style=\"text-align: center;\">Colosio<\/h3>\n<p>[\/vc_column_text][vc_single_image image=&#8220;705&#8243; img_size=&#8220;full&#8220; alignment=&#8220;center&#8220; qode_css_animation=&#8220;&#8220; css=&#8220;.vc_custom_1614766383097{margin-top: 40px !important;margin-bottom: 40px !important;}&#8220;][vc_column_text]<\/p>\n<ul>\n<li>Arbeitstischma\u00dfe:<br \/>\n680mm x 690mm<\/li>\n<li>Abstand zwischen den Pfosten: 430 mm<\/li>\n<\/ul>\n<p>M\u00f6glichkeit der Herstellung von Gussteilen bis zu 1kg[\/vc_column_text][\/vc_column_inner][vc_column_inner width=&#8220;1\/3&#8243;][vc_column_text]<\/p>\n<h3 style=\"text-align: center;\">Vakuum\u00f6fen<\/h3>\n<p>[\/vc_column_text][vc_single_image image=&#8220;616&#8243; img_size=&#8220;full&#8220; alignment=&#8220;center&#8220; qode_css_animation=&#8220;&#8220; css=&#8220;.vc_custom_1614763209877{margin-top: 40px !important;margin-bottom: 40px !important;}&#8220;][vc_column_text]Wir verf\u00fcgen \u00fcber eine Vakuumgusstechnologie. Dank dieser k\u00f6nnen wir s\u00e4urebest\u00e4ndigen Stahl und sogar Titan gie\u00dfen.[\/vc_column_text][\/vc_column_inner][vc_column_inner width=&#8220;1\/3&#8243;][vc_column_text]<\/p>\n<h3 style=\"text-align: center;\">Toshiba<\/h3>\n<p>[\/vc_column_text][vc_single_image image=&#8220;706&#8243; img_size=&#8220;full&#8220; alignment=&#8220;center&#8220; qode_css_animation=&#8220;&#8220; css=&#8220;.vc_custom_1614766393806{margin-top: 40px !important;margin-bottom: 40px !important;}&#8220;][vc_column_text]<\/p>\n<ul>\n<li>Arbeitstischma\u00dfe:<br \/>\n880mm x 880mm<\/li>\n<li>Abstand zwischen den Pfosten: 520 mm<\/li>\n<\/ul>\n<p>M\u00f6glichkeit der Herstellung von Gussteilen bis zu 3kg[\/vc_column_text][\/vc_column_inner][\/vc_row_inner][vc_row_inner row_type=&#8220;row&#8220; type=&#8220;full_width&#8220; text_align=&#8220;left&#8220; css_animation=&#8220;&#8220; css=&#8220;.vc_custom_1614184295754{margin-top: 40px !important;}&#8220;][vc_column_inner][vc_column_text]<\/p>\n<p style=\"text-align: center;\">Mit diesen Maschinen sind wir in der Lage, <strong>sowohl Klein- als auch Mehrserienproduktionen<\/strong> zu einem wettbewerbsf\u00e4higen Preis umzusetzen.<\/p>\n<p style=\"text-align: center;\"><strong>Wir verf\u00fcgen \u00fcber eigene Formgeh\u00e4use, die es uns erm\u00f6glichen, den Formeinsatz anzupassen. Dank dieses Verfahrens werden die Formenkosten deutlich reduziert.<\/strong><\/p>\n<p style=\"text-align: center;\">Basierend auf unserem Wissen und unserer Erfahrung beraten wir jeden Kunden gerne \u00fcber die Art der Umsetzung und die Auswahl des Materials, aus dem das Teil gefertigt werden soll.<\/p>\n<p>[\/vc_column_text][\/vc_column_inner][\/vc_row_inner][\/vc_column][\/vc_row][vc_row css_animation=&#8220;&#8220; row_type=&#8220;row&#8220; use_row_as_full_screen_section=&#8220;no&#8220; type=&#8220;grid&#8220; angled_section=&#8220;no&#8220; text_align=&#8220;left&#8220; background_image_as_pattern=&#8220;without_pattern&#8220; padding_top=&#8220;7&#8243; padding_bottom=&#8220;2&#8243; css=&#8220;.vc_custom_1614162729886{background-color: #878786 !important;}&#8220; z_index=&#8220;&#8220;][vc_column]<div class=\"container_inner\"><div class=\"call_to_action normal\" style=\"background-color: #878786;\"><div class=\"two_columns_75_25 clearfix\"><div class=\"text_wrapper column1\"><div class=\"call_to_action_text \" style=\"\">\n<h2>Rufen Sie uns an oder schreiben Sie uns: <span style=\"color: #ffffff;\">+48 504 68 22 13<\/span><\/h2>\n<h5>Wir beraten Sie und pr\u00e4sentieren Ihnen die beste L\u00f6sung.<\/h5>\n<\/div><\/div><div class=\"button_wrapper column2\"><a itemprop=\"url\" href=\"\/de\/kontakt\" class=\"qbutton white \" target=\"_self\" style=\"color: #1a1a1a;border-color: #ffffff;background-color: #ffffff;\" data-hover-background-color=#1a1a1a data-hover-border-color=#1a1a1a data-hover-color=#ffffff>KONTAKT<\/a><\/div><\/div><\/div><\/div>[\/vc_column][\/vc_row]<\/p>\n","protected":false},"excerpt":{"rendered":"<p>[vc_row css_animation=&#8220;&#8220; row_type=&#8220;row&#8220; use_row_as_full_screen_section=&#8220;no&#8220; type=&#8220;full_width&#8220; angled_section=&#8220;no&#8220; text_align=&#8220;left&#8220; background_image_as_pattern=&#8220;without_pattern&#8220; z_index=&#8220;&#8220;][vc_column][rev_slider_vc alias=&#8220;home-slider&#8220;][\/vc_column][\/vc_row][vc_row css_animation=&#8220;&#8220; row_type=&#8220;row&#8220; use_row_as_full_screen_section=&#8220;no&#8220; type=&#8220;grid&#8220; angled_section=&#8220;no&#8220; text_align=&#8220;center&#8220; background_image_as_pattern=&#8220;without_pattern&#8220; z_index=&#8220;&#8220; css=&#8220;.vc_custom_1515744295490{background-color: #ecebeb&#8230;<\/p>\n","protected":false},"author":1,"featured_media":0,"parent":0,"menu_order":0,"comment_status":"closed","ping_status":"closed","template":"full_width.php","meta":[],"_links":{"self":[{"href":"https:\/\/odlewycisnieniowe.pl\/de\/wp-json\/wp\/v2\/pages\/230"}],"collection":[{"href":"https:\/\/odlewycisnieniowe.pl\/de\/wp-json\/wp\/v2\/pages"}],"about":[{"href":"https:\/\/odlewycisnieniowe.pl\/de\/wp-json\/wp\/v2\/types\/page"}],"author":[{"embeddable":true,"href":"https:\/\/odlewycisnieniowe.pl\/de\/wp-json\/wp\/v2\/users\/1"}],"replies":[{"embeddable":true,"href":"https:\/\/odlewycisnieniowe.pl\/de\/wp-json\/wp\/v2\/comments?post=230"}],"version-history":[{"count":92,"href":"https:\/\/odlewycisnieniowe.pl\/de\/wp-json\/wp\/v2\/pages\/230\/revisions"}],"predecessor-version":[{"id":763,"href":"https:\/\/odlewycisnieniowe.pl\/de\/wp-json\/wp\/v2\/pages\/230\/revisions\/763"}],"wp:attachment":[{"href":"https:\/\/odlewycisnieniowe.pl\/de\/wp-json\/wp\/v2\/media?parent=230"}],"curies":[{"name":"wp","href":"https:\/\/api.w.org\/{rel}","templated":true}]}}