{"id":213,"date":"2018-01-12T11:42:48","date_gmt":"2018-01-12T11:42:48","guid":{"rendered":"http:\/\/bridge129.qodeinteractive.com\/?page_id=213"},"modified":"2021-05-07T09:38:30","modified_gmt":"2021-05-07T09:38:30","slug":"kontakt","status":"publish","type":"page","link":"https:\/\/odlewycisnieniowe.pl\/de\/kontakt\/","title":{"rendered":"Kontakt"},"content":{"rendered":"<p>[vc_row css_animation=&#8220;&#8220; row_type=&#8220;row&#8220; use_row_as_full_screen_section=&#8220;no&#8220; type=&#8220;full_width&#8220; angled_section=&#8220;no&#8220; text_align=&#8220;left&#8220; background_image_as_pattern=&#8220;without_pattern&#8220; padding_bottom=&#8220;97&#8243; z_index=&#8220;&#8220;][vc_column][vc_column_text]<iframe style=\"border: 0;\" src=\"https:\/\/www.google.com\/maps\/embed?pb=!1m14!1m8!1m3!1d9582.011671765817!2d18.0656643!3d53.1011618!3m2!1i1024!2i768!4f13.1!3m3!1m2!1s0x0%3A0xdd995a7e7e7c298e!2sOdlewy%20ci%C5%9Bnieniowe%20.pl%2C%20ODLEWNIA%20RITTER%20us%C5%82ugi%20CNC%20optymalizacja%20koszt%C3%B3w%20produkcji!5e0!3m2!1spl!2spl!4v1614167040366!5m2!1spl!2spl\" width=\"100%\" height=\"450\" allowfullscreen=\"allowfullscreen\"><\/iframe>[\/vc_column_text][\/vc_column][\/vc_row][vc_row css_animation=&#8220;&#8220; row_type=&#8220;row&#8220; use_row_as_full_screen_section=&#8220;no&#8220; type=&#8220;grid&#8220; angled_section=&#8220;no&#8220; text_align=&#8220;left&#8220; background_image_as_pattern=&#8220;without_pattern&#8220; padding_bottom=&#8220;50&#8243; z_index=&#8220;&#8220;][vc_column offset=&#8220;vc_col-md-4&#8243;][vc_column_text]<\/p>\n<h2>Kontaktdaten<\/h2>\n<p>[\/vc_column_text][vc_separator type=&#8220;small&#8220; position=&#8220;left&#8220; color=&#8220;#fab012&#8243; thickness=&#8220;4&#8243; width=&#8220;48&#8243; up=&#8220;22&#8243; down=&#8220;41&#8243;][vc_single_image image=&#8220;241&#8243; img_size=&#8220;&#8220; qode_css_animation=&#8220;&#8220;][vc_empty_space height=&#8220;15px&#8220;][vc_column_text]<\/p>\n<h4>Adresse:<\/h4>\n<p>[\/vc_column_text][vc_column_text]ODLEWNIA RITTER,[\/vc_column_text][vc_column_text]Wojska Polskiego 65,[\/vc_column_text][vc_column_text]85-825 Bydgoszcz[\/vc_column_text][vc_column_text]tel. 504 68 22 13[\/vc_column_text][vc_column_text]E-mail: biuro@odlewycisnieniowe.pl[\/vc_column_text][vc_empty_space height=&#8220;15px&#8220;][vc_column_text]<\/p>\n<h4>Beratung und Angebote:<\/h4>\n<p>mgr in\u017c. <em>(Dipl. Ing.)<\/em>\u00a0<strong>Micha\u0142 Ritter<\/strong>, Absolvent der Fakult\u00e4t f\u00fcr Gie\u00dfereitechnik der Akademie f\u00fcr Bergbau und H\u00fcttenwesen Krakau. Das Unternehmen Odlewy Ci\u015bnieniowe ist Teil der Firma Odlewy Ci\u015bnieniowe.[\/vc_column_text][\/vc_column][vc_column offset=&#8220;vc_col-md-8&#8243;][vc_column_text]<\/p>\n<h2>Kontaktieren Sie uns<\/h2>\n<p>[\/vc_column_text][vc_separator type=&#8220;small&#8220; position=&#8220;left&#8220; color=&#8220;#fab012&#8243; thickness=&#8220;4&#8243; width=&#8220;48&#8243; up=&#8220;22&#8243; down=&#8220;41&#8243;]<div role=\"form\" class=\"wpcf7\" id=\"wpcf7-f214-o1\" lang=\"en-US\" dir=\"ltr\">\n<div class=\"screen-reader-response\"><p role=\"status\" aria-live=\"polite\" aria-atomic=\"true\"><\/p> <ul><\/ul><\/div>\n<form action=\"\/de\/wp-json\/wp\/v2\/pages\/213#wpcf7-f214-o1\" method=\"post\" class=\"wpcf7-form init cf7_custom_style_2\" novalidate=\"novalidate\" data-status=\"init\">\n<div style=\"display: none;\">\n<input type=\"hidden\" name=\"_wpcf7\" value=\"214\" \/>\n<input type=\"hidden\" name=\"_wpcf7_version\" value=\"5.4\" \/>\n<input type=\"hidden\" name=\"_wpcf7_locale\" value=\"en_US\" \/>\n<input type=\"hidden\" name=\"_wpcf7_unit_tag\" value=\"wpcf7-f214-o1\" \/>\n<input type=\"hidden\" name=\"_wpcf7_container_post\" value=\"0\" \/>\n<input type=\"hidden\" name=\"_wpcf7_posted_data_hash\" value=\"\" \/>\n<input type=\"hidden\" name=\"_wpcf7_recaptcha_response\" value=\"\" \/>\n<\/div>\n<div><span class=\"wpcf7-form-control-wrap text-322\"><input type=\"text\" name=\"text-322\" value=\"\" size=\"40\" class=\"wpcf7-form-control wpcf7-text wpcf7-validates-as-required\" aria-required=\"true\" aria-invalid=\"false\" placeholder=\"Vorname und Nachname*\" \/><\/span><\/div>\n<div><span class=\"wpcf7-form-control-wrap text-323\"><input type=\"text\" name=\"text-323\" value=\"\" size=\"40\" class=\"wpcf7-form-control wpcf7-text wpcf7-validates-as-required\" aria-required=\"true\" aria-invalid=\"false\" placeholder=\"Telefon*\" \/><\/span><\/div>\n<div><span class=\"wpcf7-form-control-wrap email-1\"><input type=\"email\" name=\"email-1\" value=\"\" size=\"40\" class=\"wpcf7-form-control wpcf7-text wpcf7-email wpcf7-validates-as-required wpcf7-validates-as-email\" aria-required=\"true\" aria-invalid=\"false\" placeholder=\"E-mail*\" \/><\/span><\/div>\n<div><span class=\"wpcf7-form-control-wrap textarea-836\"><textarea name=\"textarea-836\" cols=\"40\" rows=\"10\" class=\"wpcf7-form-control wpcf7-textarea\" aria-invalid=\"false\" placeholder=\"Ihre Nachricht*\"><\/textarea><\/span><\/div>\n<p><input type=\"submit\" value=\"senden\" class=\"wpcf7-form-control wpcf7-submit\" \/><\/p>\n<div class=\"wpcf7-response-output\" aria-hidden=\"true\"><\/div><\/form><\/div>[vc_empty_space height=&#8220;30px&#8220;][\/vc_column][\/vc_row]<\/p>\n","protected":false},"excerpt":{"rendered":"<p>[vc_row css_animation=&#8220;&#8220; row_type=&#8220;row&#8220; use_row_as_full_screen_section=&#8220;no&#8220; type=&#8220;full_width&#8220; angled_section=&#8220;no&#8220; text_align=&#8220;left&#8220; background_image_as_pattern=&#8220;without_pattern&#8220; padding_bottom=&#8220;97&#8243; z_index=&#8220;&#8220;][vc_column][vc_column_text][\/vc_column_text][\/vc_column][\/vc_row][vc_row css_animation=&#8220;&#8220; row_type=&#8220;row&#8220; use_row_as_full_screen_section=&#8220;no&#8220; type=&#8220;grid&#8220; angled_section=&#8220;no&#8220; text_align=&#8220;left&#8220; background_image_as_pattern=&#8220;without_pattern&#8220; padding_bottom=&#8220;50&#8243; z_index=&#8220;&#8220;][vc_column offset=&#8220;vc_col-md-4&#8243;][vc_column_text]&#8230;<\/p>\n","protected":false},"author":1,"featured_media":0,"parent":0,"menu_order":0,"comment_status":"closed","ping_status":"closed","template":"full_width.php","meta":[],"_links":{"self":[{"href":"https:\/\/odlewycisnieniowe.pl\/de\/wp-json\/wp\/v2\/pages\/213"}],"collection":[{"href":"https:\/\/odlewycisnieniowe.pl\/de\/wp-json\/wp\/v2\/pages"}],"about":[{"href":"https:\/\/odlewycisnieniowe.pl\/de\/wp-json\/wp\/v2\/types\/page"}],"author":[{"embeddable":true,"href":"https:\/\/odlewycisnieniowe.pl\/de\/wp-json\/wp\/v2\/users\/1"}],"replies":[{"embeddable":true,"href":"https:\/\/odlewycisnieniowe.pl\/de\/wp-json\/wp\/v2\/comments?post=213"}],"version-history":[{"count":20,"href":"https:\/\/odlewycisnieniowe.pl\/de\/wp-json\/wp\/v2\/pages\/213\/revisions"}],"predecessor-version":[{"id":761,"href":"https:\/\/odlewycisnieniowe.pl\/de\/wp-json\/wp\/v2\/pages\/213\/revisions\/761"}],"wp:attachment":[{"href":"https:\/\/odlewycisnieniowe.pl\/de\/wp-json\/wp\/v2\/media?parent=213"}],"curies":[{"name":"wp","href":"https:\/\/api.w.org\/{rel}","templated":true}]}}